{"id":87,"date":"2026-04-14T21:48:59","date_gmt":"2026-04-14T21:48:59","guid":{"rendered":"https:\/\/site.arthur.letohic.mmi-velizy.fr\/wp\/?page_id=87"},"modified":"2026-04-15T07:59:10","modified_gmt":"2026-04-15T07:59:10","slug":"accueil-2","status":"publish","type":"page","link":"https:\/\/site.arthur.letohic.mmi-velizy.fr\/wp\/","title":{"rendered":"Accueil"},"content":{"rendered":"\t\t<div data-elementor-type=\"wp-page\" data-elementor-id=\"87\" class=\"elementor elementor-87\">\n\t\t\t\t<div class=\"elementor-element elementor-element-2812ffd section-hero-letohic e-flex e-con-boxed e-con e-parent\" data-id=\"2812ffd\" data-element_type=\"container\" data-e-type=\"container\">\n\t\t\t\t\t<div class=\"e-con-inner\">\n\t\t\t\t<div class=\"elementor-element elementor-element-5ead416 elementor-widget elementor-widget-heading\" data-id=\"5ead416\" data-element_type=\"widget\" data-e-type=\"widget\" data-widget_type=\"heading.default\">\n\t\t\t\t\t<h1 class=\"elementor-heading-title elementor-size-default\">Arthur Letohic<\/h1>\t\t\t\t<\/div>\n\t\t\t\t<div class=\"elementor-element elementor-element-0e5a503 elementor-widget elementor-widget-heading\" data-id=\"0e5a503\" data-element_type=\"widget\" data-e-type=\"widget\" data-widget_type=\"heading.default\">\n\t\t\t\t\t<h2 class=\"elementor-heading-title elementor-size-default\">\u00c9tudiant en BUT MMI<\/h2>\t\t\t\t<\/div>\n\t\t\t\t<div class=\"elementor-element elementor-element-8e2781d elementor-align-center bouton-letohic elementor-widget elementor-widget-button\" data-id=\"8e2781d\" data-element_type=\"widget\" data-e-type=\"widget\" data-widget_type=\"button.default\">\n\t\t\t\t\t\t\t\t\t\t<a class=\"elementor-button elementor-button-link elementor-size-sm\" href=\"https:\/\/site.arthur.letohic.mmi-velizy.fr\/wp\/projets\/\">\n\t\t\t\t\t\t<span class=\"elementor-button-content-wrapper\">\n\t\t\t\t\t\t\t\t\t<span class=\"elementor-button-text\">D\u00e9couvrir mes projets<\/span>\n\t\t\t\t\t<\/span>\n\t\t\t\t\t<\/a>\n\t\t\t\t\t\t\t\t<\/div>\n\t\t\t\t\t<\/div>\n\t\t\t\t<\/div>\n\t\t<div class=\"elementor-element elementor-element-9e1f18c e-flex e-con-boxed e-con e-parent\" data-id=\"9e1f18c\" data-element_type=\"container\" data-e-type=\"container\">\n\t\t\t\t\t<div class=\"e-con-inner\">\n\t\t\t\t<div class=\"elementor-element elementor-element-86f91d3 titre-section elementor-widget elementor-widget-heading\" data-id=\"86f91d3\" data-element_type=\"widget\" data-e-type=\"widget\" data-widget_type=\"heading.default\">\n\t\t\t\t\t<h2 class=\"elementor-heading-title elementor-size-default\">Derni\u00e8res R\u00e9alisations<\/h2>\t\t\t\t<\/div>\n\t\t\t\t\t<\/div>\n\t\t\t\t<\/div>\n\t\t<div class=\"elementor-element elementor-element-ab02fd5 e-flex e-con-boxed e-con e-parent\" data-id=\"ab02fd5\" data-element_type=\"container\" data-e-type=\"container\">\n\t\t\t\t\t<div class=\"e-con-inner\">\n\t\t<div class=\"elementor-element elementor-element-a68574c e-con-full e-flex e-con e-child\" data-id=\"a68574c\" data-element_type=\"container\" data-e-type=\"container\">\n\t\t\t\t<div class=\"elementor-element elementor-element-1b7cceb carte-projet elementor-position-top elementor-widget elementor-widget-image-box\" data-id=\"1b7cceb\" data-element_type=\"widget\" data-e-type=\"widget\" data-widget_type=\"image-box.default\">\n\t\t\t\t\t<div class=\"elementor-image-box-wrapper\"><figure class=\"elementor-image-box-img\"><a href=\"http:\/\/site.arthur.letohic.mmi-velizy.fr\/wp\/wp-content\/uploads\/2026\/04\/CV_crea_Letohic_A2.pdf\" target=\"_blank\" tabindex=\"-1\"><img fetchpriority=\"high\" decoding=\"async\" width=\"1024\" height=\"726\" src=\"https:\/\/site.arthur.letohic.mmi-velizy.fr\/wp\/wp-content\/uploads\/2026\/04\/1776203031280-6a33a587-1ccf-4c53-8af3-2a10df5be411_1.jpg\" class=\"attachment-full size-full wp-image-96\" alt=\"\" srcset=\"https:\/\/site.arthur.letohic.mmi-velizy.fr\/wp\/wp-content\/uploads\/2026\/04\/1776203031280-6a33a587-1ccf-4c53-8af3-2a10df5be411_1.jpg 1024w, https:\/\/site.arthur.letohic.mmi-velizy.fr\/wp\/wp-content\/uploads\/2026\/04\/1776203031280-6a33a587-1ccf-4c53-8af3-2a10df5be411_1-300x213.jpg 300w, https:\/\/site.arthur.letohic.mmi-velizy.fr\/wp\/wp-content\/uploads\/2026\/04\/1776203031280-6a33a587-1ccf-4c53-8af3-2a10df5be411_1-768x545.jpg 768w\" sizes=\"(max-width: 1024px) 100vw, 1024px\" \/><\/a><\/figure><div class=\"elementor-image-box-content\"><h3 class=\"elementor-image-box-title\"><a href=\"http:\/\/site.arthur.letohic.mmi-velizy.fr\/wp\/wp-content\/uploads\/2026\/04\/CV_crea_Letohic_A2.pdf\" target=\"_blank\">CV Num\u00e9rique Atypique<\/a><\/h3><p class=\"elementor-image-box-description\">Conception et int\u00e9gration (HTML\/CSS) d'un CV au design d\u00e9structur\u00e9 pour repousser les codes classiques.<\/p><\/div><\/div>\t\t\t\t<\/div>\n\t\t\t\t<\/div>\n\t\t<div class=\"elementor-element elementor-element-35b99cc e-con-full e-flex e-con e-child\" data-id=\"35b99cc\" data-element_type=\"container\" data-e-type=\"container\">\n\t\t\t\t<div class=\"elementor-element elementor-element-fc6ad64 carte-projet elementor-position-top elementor-widget elementor-widget-image-box\" data-id=\"fc6ad64\" data-element_type=\"widget\" data-e-type=\"widget\" data-widget_type=\"image-box.default\">\n\t\t\t\t\t<div class=\"elementor-image-box-wrapper\"><figure class=\"elementor-image-box-img\"><a href=\"http:\/\/site.arthur.letohic.mmi-velizy.fr\/wp\/wp-content\/uploads\/2026\/04\/Letohic_Arthur_Groupe_A2_Charte_Graphique-3.pdf\" target=\"_blank\" tabindex=\"-1\"><img decoding=\"async\" width=\"1024\" height=\"726\" src=\"https:\/\/site.arthur.letohic.mmi-velizy.fr\/wp\/wp-content\/uploads\/2026\/04\/1776203227753-1b637813-a453-414e-8a8d-172f1d542abf_1.jpg\" class=\"attachment-full size-full wp-image-97\" alt=\"\" srcset=\"https:\/\/site.arthur.letohic.mmi-velizy.fr\/wp\/wp-content\/uploads\/2026\/04\/1776203227753-1b637813-a453-414e-8a8d-172f1d542abf_1.jpg 1024w, https:\/\/site.arthur.letohic.mmi-velizy.fr\/wp\/wp-content\/uploads\/2026\/04\/1776203227753-1b637813-a453-414e-8a8d-172f1d542abf_1-300x213.jpg 300w, https:\/\/site.arthur.letohic.mmi-velizy.fr\/wp\/wp-content\/uploads\/2026\/04\/1776203227753-1b637813-a453-414e-8a8d-172f1d542abf_1-768x545.jpg 768w\" sizes=\"(max-width: 1024px) 100vw, 1024px\" \/><\/a><\/figure><div class=\"elementor-image-box-content\"><h3 class=\"elementor-image-box-title\"><a href=\"http:\/\/site.arthur.letohic.mmi-velizy.fr\/wp\/wp-content\/uploads\/2026\/04\/Letohic_Arthur_Groupe_A2_Charte_Graphique-3.pdf\" target=\"_blank\">Charte Graphique<\/a><\/h3><p class=\"elementor-image-box-description\">Cr\u00e9ation de l'univers visuel complet d'une marque, incluant le logo et la strat\u00e9gie de positionnement.<\/p><\/div><\/div>\t\t\t\t<\/div>\n\t\t\t\t<\/div>\n\t\t\t\t\t<\/div>\n\t\t\t\t<\/div>\n\t\t\t\t<\/div>\n\t\t","protected":false},"excerpt":{"rendered":"<p>Arthur Letohic \u00c9tudiant en BUT MMI D\u00e9couvrir mes projets Derni\u00e8res R\u00e9alisations CV Num\u00e9rique Atypique Conception et int\u00e9gration (HTML\/CSS) d&rsquo;un CV au design d\u00e9structur\u00e9 pour repousser les codes classiques. Charte Graphique Cr\u00e9ation de l&rsquo;univers visuel complet d&rsquo;une marque, incluant le logo et la strat\u00e9gie de positionnement.<\/p>\n","protected":false},"author":1,"featured_media":0,"parent":0,"menu_order":0,"comment_status":"closed","ping_status":"closed","template":"","meta":{"footnotes":""},"class_list":["post-87","page","type-page","status-publish","hentry"],"blocksy_meta":[],"_links":{"self":[{"href":"https:\/\/site.arthur.letohic.mmi-velizy.fr\/wp\/wp-json\/wp\/v2\/pages\/87","targetHints":{"allow":["GET"]}}],"collection":[{"href":"https:\/\/site.arthur.letohic.mmi-velizy.fr\/wp\/wp-json\/wp\/v2\/pages"}],"about":[{"href":"https:\/\/site.arthur.letohic.mmi-velizy.fr\/wp\/wp-json\/wp\/v2\/types\/page"}],"author":[{"embeddable":true,"href":"https:\/\/site.arthur.letohic.mmi-velizy.fr\/wp\/wp-json\/wp\/v2\/users\/1"}],"replies":[{"embeddable":true,"href":"https:\/\/site.arthur.letohic.mmi-velizy.fr\/wp\/wp-json\/wp\/v2\/comments?post=87"}],"version-history":[{"count":20,"href":"https:\/\/site.arthur.letohic.mmi-velizy.fr\/wp\/wp-json\/wp\/v2\/pages\/87\/revisions"}],"predecessor-version":[{"id":133,"href":"https:\/\/site.arthur.letohic.mmi-velizy.fr\/wp\/wp-json\/wp\/v2\/pages\/87\/revisions\/133"}],"wp:attachment":[{"href":"https:\/\/site.arthur.letohic.mmi-velizy.fr\/wp\/wp-json\/wp\/v2\/media?parent=87"}],"curies":[{"name":"wp","href":"https:\/\/api.w.org\/{rel}","templated":true}]}}