{"id":24,"date":"2026-04-01T09:16:34","date_gmt":"2026-04-01T09:16:34","guid":{"rendered":"http:\/\/site.arthur.letohic.mmi-velizy.fr\/wp\/?page_id=24"},"modified":"2026-04-15T07:57:46","modified_gmt":"2026-04-15T07:57:46","slug":"projets","status":"publish","type":"page","link":"https:\/\/site.arthur.letohic.mmi-velizy.fr\/wp\/projets\/","title":{"rendered":"Projets"},"content":{"rendered":"\t\t<div data-elementor-type=\"wp-page\" data-elementor-id=\"24\" class=\"elementor elementor-24\">\n\t\t\t\t<div class=\"elementor-element elementor-element-663105d e-flex e-con-boxed e-con e-parent\" data-id=\"663105d\" data-element_type=\"container\" data-e-type=\"container\">\n\t\t\t\t\t<div class=\"e-con-inner\">\n\t\t\t\t<div class=\"elementor-element elementor-element-b65daf8 elementor-widget elementor-widget-html\" data-id=\"b65daf8\" data-element_type=\"widget\" data-e-type=\"widget\" data-widget_type=\"html.default\">\n\t\t\t\t\t<style>\r\n    .page-projets-grid {\r\n        display: grid;\r\n        grid-template-columns: repeat(auto-fit, minmax(380px, 1fr));\r\n        gap: 40px;\r\n        max-width: 1200px;\r\n        margin: 40px auto;\r\n        padding: 0 5%;\r\n    }\r\n\r\n    \/* La Carte Projet Premium *\/\r\n    .projet-card-detail {\r\n        background: rgba(255, 255, 255, 0.4);\r\n        border: 1px solid rgba(255, 255, 255, 0.6);\r\n        border-radius: 20px;\r\n        overflow: hidden;\r\n        backdrop-filter: blur(10px);\r\n        box-shadow: 0 10px 30px rgba(0,0,0,0.02);\r\n        transition: all 0.4s ease;\r\n        display: flex;\r\n        flex-direction: column;\r\n    }\r\n\r\n    .projet-card-detail:hover {\r\n        transform: translateY(-10px);\r\n        background: rgba(255, 255, 255, 0.8);\r\n        box-shadow: 0 20px 40px rgba(0,0,0,0.08);\r\n    }\r\n\r\n    \/* Zone de l'image *\/\r\n    .projet-img-zone {\r\n        width: 100%;\r\n        height: 220px;\r\n        background-color: #e0e5ec;\r\n        background-size: cover;\r\n        background-position: center;\r\n        position: relative;\r\n    }\r\n\r\n    \/* L'\u00e9tiquette de cat\u00e9gorie *\/\r\n    .projet-tag {\r\n        position: absolute;\r\n        top: 15px;\r\n        left: 15px;\r\n        background: #111111;\r\n        color: #ffffff;\r\n        padding: 6px 14px;\r\n        border-radius: 50px;\r\n        font-size: 12px;\r\n        font-weight: 600;\r\n        letter-spacing: 0.5px;\r\n        text-transform: uppercase;\r\n    }\r\n\r\n    \/* Le Contenu Textuel *\/\r\n    .projet-content-detail {\r\n        padding: 25px;\r\n        flex-grow: 1;\r\n        display: flex;\r\n        flex-direction: column;\r\n    }\r\n\r\n    .projet-content-detail h3 {\r\n        font-size: 24px;\r\n        font-weight: 800;\r\n        margin: 0 0 12px 0;\r\n        color: #111;\r\n        line-height: 1.2;\r\n    }\r\n\r\n    .projet-content-detail p {\r\n        font-size: 15px;\r\n        color: #444;\r\n        line-height: 1.6;\r\n        margin-bottom: 20px;\r\n    }\r\n\r\n    \/* Lien \"Voir le projet\" \u00e0 la fin *\/\r\n    .projet-link-detail {\r\n        margin-top: auto;\r\n        font-weight: 700;\r\n        color: #0071e3;\r\n        text-decoration: none;\r\n        font-size: 15px;\r\n        display: inline-flex;\r\n        align-items: center;\r\n        gap: 5px;\r\n        transition: gap 0.3s;\r\n    }\r\n\r\n    .projet-card-detail:hover .projet-link-detail {\r\n        gap: 12px;\r\n    }\r\n\r\n    @media (max-width: 768px) {\r\n        .page-projets-grid { grid-template-columns: 1fr; }\r\n    }\r\n<\/style>\r\n\r\n<div class=\"page-projets-grid\">\r\n\r\n    <div class=\"projet-card-detail\">\r\n        <div class=\"projet-img-zone\" style=\"background-image: url('http:\/\/site.arthur.letohic.mmi-velizy.fr\/wp\/wp-content\/uploads\/2026\/04\/1.png');\">\r\n            <span class=\"projet-tag\">Direction Artistique<\/span>\r\n        <\/div>\r\n        <div class=\"projet-content-detail\">\r\n            <h3>Marque de Coffee Shop<\/h3>\r\n            <p>Conception compl\u00e8te de l'identit\u00e9 d'une marque de coffee shop. Cr\u00e9ation du logo, d\u00e9veloppement d'un univers graphique coh\u00e9rent et r\u00e9flexion strat\u00e9gique sur le positionnement march\u00e9.<\/p>\r\n            <a href=\"http:\/\/site.arthur.letohic.mmi-velizy.fr\/wp\/wp-content\/uploads\/2026\/04\/Strat-de-Comm-avec-compression.pdf\" target=\"_blank\" class=\"projet-link-detail\">Lire la strat\u00e9gie (PDF) <span>\u2192<\/span><\/a>\r\n        <\/div>\r\n    <\/div>\r\n\r\n    <div class=\"projet-card-detail\">\r\n        <div class=\"projet-img-zone\" style=\"background-image: url('http:\/\/site.arthur.letohic.mmi-velizy.fr\/wp\/wp-content\/uploads\/2026\/04\/Capture-decran-2026-04-15-090913.png');\">\r\n            <span class=\"projet-tag\">D\u00e9veloppement Web<\/span>\r\n        <\/div>\r\n        <div class=\"projet-content-detail\">\r\n            <h3>Site de Gestion de Club<\/h3>\r\n            <p>Cr\u00e9ation d'une plateforme web sur-mesure pour la gestion d'un club. D\u00e9veloppement de l'interface utilisateur et syst\u00e8me d'administration des membres et \u00e9v\u00e9nements.<\/p>\r\n            <a href=\"https:\/\/arthur.letohic.mmi-velizy.fr\/tp.php\" target=\"_blank\" class=\"projet-link-detail\">Visiter le site <span>\u2192<\/span><\/a>\r\n        <\/div>\r\n    <\/div>\r\n\r\n    <div class=\"projet-card-detail\">\r\n        <div class=\"projet-img-zone\" style=\"background-image: url('http:\/\/site.arthur.letohic.mmi-velizy.fr\/wp\/wp-content\/uploads\/2026\/04\/IMG_4211.pdf-scaled.jpg');\">\r\n            <span class=\"projet-tag\">Audiovisuel & Gestion<\/span>\r\n        <\/div>\r\n        <div class=\"projet-content-detail\">\r\n            <h3>Captation Th\u00e9\u00e2trale<\/h3>\r\n            <p>R\u00f4le de dirigeant plateau sur la repr\u00e9sentation d'une pi\u00e8ce de th\u00e9\u00e2tre (gestion technique, orga, impr\u00e9vus) et r\u00e9alisation du montage vid\u00e9o final.<\/p>\r\n            <a href=\"http:\/\/site.arthur.letohic.mmi-velizy.fr\/wp\/wp-content\/uploads\/2026\/04\/Document-sans-titre-15-avec-compression.pdf\" target=\"_blank\" class=\"projet-link-detail\">Voir le rendu papier <span>\u2192<\/span><\/a>\r\n        <\/div>\r\n    <\/div>\r\n\r\n    <div class=\"projet-card-detail\">\r\n        <div class=\"projet-img-zone\" style=\"background-image: url('URL_IMAGE_ICI');\">\r\n            <span class=\"projet-tag\">Int\u00e9gration Web<\/span>\r\n        <\/div>\r\n        <div class=\"projet-content-detail\">\r\n            <h3>CV interactif en ligne<\/h3>\r\n            <p>Conception et int\u00e9gration (HTML\/CSS) d'un CV num\u00e9rique en anglais. Un projet centr\u00e9 sur la structuration propre du contenu Front-End, l'ergonomie de la mise en page et la communication professionnelle.<\/p>\r\n            <a href=\"https:\/\/arthur.letohic.mmi-velizy.fr\/index.html\" target=\"_blank\" class=\"projet-link-detail\">Voir le site <span>\u2192<\/span><\/a>\r\n        <\/div>\r\n    <\/div>\r\n\r\n<\/div>\t\t\t\t<\/div>\n\t\t\t\t\t<\/div>\n\t\t\t\t<\/div>\n\t\t\t\t<\/div>\n\t\t","protected":false},"excerpt":{"rendered":"<p>Direction Artistique Marque de Coffee Shop Conception compl\u00e8te de l&rsquo;identit\u00e9 d&rsquo;une marque de coffee shop. Cr\u00e9ation du logo, d\u00e9veloppement d&rsquo;un univers graphique coh\u00e9rent et r\u00e9flexion strat\u00e9gique sur le positionnement march\u00e9. Lire la strat\u00e9gie (PDF) \u2192 D\u00e9veloppement Web Site de Gestion de Club Cr\u00e9ation d&rsquo;une plateforme web sur-mesure pour la gestion d&rsquo;un club. D\u00e9veloppement de l&rsquo;interface [&hellip;]<\/p>\n","protected":false},"author":1,"featured_media":0,"parent":0,"menu_order":0,"comment_status":"closed","ping_status":"closed","template":"","meta":{"footnotes":""},"class_list":["post-24","page","type-page","status-publish","hentry"],"blocksy_meta":[],"_links":{"self":[{"href":"https:\/\/site.arthur.letohic.mmi-velizy.fr\/wp\/wp-json\/wp\/v2\/pages\/24","targetHints":{"allow":["GET"]}}],"collection":[{"href":"https:\/\/site.arthur.letohic.mmi-velizy.fr\/wp\/wp-json\/wp\/v2\/pages"}],"about":[{"href":"https:\/\/site.arthur.letohic.mmi-velizy.fr\/wp\/wp-json\/wp\/v2\/types\/page"}],"author":[{"embeddable":true,"href":"https:\/\/site.arthur.letohic.mmi-velizy.fr\/wp\/wp-json\/wp\/v2\/users\/1"}],"replies":[{"embeddable":true,"href":"https:\/\/site.arthur.letohic.mmi-velizy.fr\/wp\/wp-json\/wp\/v2\/comments?post=24"}],"version-history":[{"count":8,"href":"https:\/\/site.arthur.letohic.mmi-velizy.fr\/wp\/wp-json\/wp\/v2\/pages\/24\/revisions"}],"predecessor-version":[{"id":124,"href":"https:\/\/site.arthur.letohic.mmi-velizy.fr\/wp\/wp-json\/wp\/v2\/pages\/24\/revisions\/124"}],"wp:attachment":[{"href":"https:\/\/site.arthur.letohic.mmi-velizy.fr\/wp\/wp-json\/wp\/v2\/media?parent=24"}],"curies":[{"name":"wp","href":"https:\/\/api.w.org\/{rel}","templated":true}]}}